{"id":10705,"date":"2025-09-30T13:42:53","date_gmt":"2025-09-30T13:42:53","guid":{"rendered":"https:\/\/azburnlawyers.com\/participacion-en-la-comunidad\/"},"modified":"2026-04-21T12:51:47","modified_gmt":"2026-04-21T12:51:47","slug":"participacion-en-la-comunidad","status":"publish","type":"page","link":"https:\/\/azburnlawyers.com\/es\/participacion-en-la-comunidad\/","title":{"rendered":"Participaci\u00f3n en la comunidad"},"content":{"rendered":"\t\t<div data-elementor-type=\"wp-page\" data-elementor-id=\"10705\" class=\"elementor elementor-10705 elementor-10175\" data-elementor-post-type=\"page\">\n\t\t\t\t\t\t<section class=\"elementor-section elementor-top-section elementor-element elementor-element-e81480e elementor-section-boxed elementor-section-height-default elementor-section-height-default\" data-id=\"e81480e\" data-element_type=\"section\" data-settings=\"{&quot;background_background&quot;:&quot;classic&quot;}\">\n\t\t\t\t\t\t\t<div class=\"elementor-background-overlay\"><\/div>\n\t\t\t\t\t\t\t<div class=\"elementor-container elementor-column-gap-extended\">\n\t\t\t\t\t<div class=\"elementor-column elementor-col-100 elementor-top-column elementor-element elementor-element-1c9c784\" data-id=\"1c9c784\" data-element_type=\"column\">\n\t\t\t<div class=\"elementor-widget-wrap elementor-element-populated\">\n\t\t\t\t\t\t<div class=\"elementor-element elementor-element-dced3e5 elementor-widget elementor-widget-heading\" data-id=\"dced3e5\" data-element_type=\"widget\" data-widget_type=\"heading.default\">\n\t\t\t\t\t<h1 class=\"elementor-heading-title elementor-size-default\">PARTICIPACI\u00d3N en la comunidad<\/h1>\t\t\t\t<\/div>\n\t\t\t\t\t<\/div>\n\t\t<\/div>\n\t\t\t\t\t<\/div>\n\t\t<\/section>\n\t\t<div class=\"elementor-element elementor-element-54fe603 e-flex e-con-boxed e-con e-parent\" data-id=\"54fe603\" data-element_type=\"container\">\n\t\t\t\t\t<div class=\"e-con-inner\">\n\t\t\t\t<div class=\"elementor-element elementor-element-da845bf elementor-widget elementor-widget-text-editor\" data-id=\"da845bf\" data-element_type=\"widget\" data-widget_type=\"text-editor.default\">\n\t\t\t\t\t\t\t\t\t<p><strong>En AZ Burn Lawyers, no solo luchamos por las v\u00edctimas de quemaduras: marcamos la diferencia en la comunidad apoyando a organizaciones sin \u00e1nimo de lucro, a las v\u00edctimas de quemaduras y a sus familias. Estamos a su lado durante todo el proceso y mucho despu\u00e9s, ayud\u00e1ndoles no solo a recuperarse, sino a prosperar. Por eso, la comunidad lo es todo para nosotros.  <\/strong><\/p>\t\t\t\t\t\t\t\t<\/div>\n\t\t\t\t\t<\/div>\n\t\t\t\t<\/div>\n\t\t<div class=\"elementor-element elementor-element-855cdb9 e-flex e-con-boxed e-con e-parent\" data-id=\"855cdb9\" data-element_type=\"container\">\n\t\t\t\t\t<div class=\"e-con-inner\">\n\t\t\t\t<div class=\"elementor-element elementor-element-be89f02 elementor-widget elementor-widget-gallery\" data-id=\"be89f02\" data-element_type=\"widget\" data-settings=\"{&quot;gallery_layout&quot;:&quot;masonry&quot;,&quot;gap&quot;:{&quot;unit&quot;:&quot;px&quot;,&quot;size&quot;:8,&quot;sizes&quot;:[]},&quot;lazyload&quot;:&quot;yes&quot;,&quot;columns&quot;:4,&quot;columns_tablet&quot;:2,&quot;columns_mobile&quot;:1,&quot;gap_tablet&quot;:{&quot;unit&quot;:&quot;px&quot;,&quot;size&quot;:10,&quot;sizes&quot;:[]},&quot;gap_mobile&quot;:{&quot;unit&quot;:&quot;px&quot;,&quot;size&quot;:10,&quot;sizes&quot;:[]},&quot;link_to&quot;:&quot;file&quot;,&quot;overlay_background&quot;:&quot;yes&quot;,&quot;content_hover_animation&quot;:&quot;fade-in&quot;}\" data-widget_type=\"gallery.default\">\n\t\t\t\t\t\t\t<div class=\"elementor-gallery__container\">\n\t\t\t\t\t\t\t<a class=\"e-gallery-item elementor-gallery-item elementor-animated-content\" href=\"https:\/\/azburnlawyers.com\/wp-content\/uploads\/2025\/09\/community-1-scaled.jpg\" data-elementor-open-lightbox=\"yes\" data-elementor-lightbox-slideshow=\"be89f02\" data-elementor-lightbox-title=\"community\" data-e-action-hash=\"#elementor-action%3Aaction%3Dlightbox%26settings%3DeyJpZCI6MTA3MTIsInVybCI6Imh0dHBzOlwvXC9hemJ1cm5sYXd5ZXJzLmNvbVwvd3AtY29udGVudFwvdXBsb2Fkc1wvMjAyNVwvMDlcL2NvbW11bml0eS0xLXNjYWxlZC5qcGciLCJzbGlkZXNob3ciOiJiZTg5ZjAyIn0%3D\">\n\t\t\t\t\t<div class=\"e-gallery-image elementor-gallery-item__image\" data-thumbnail=\"https:\/\/azburnlawyers.com\/wp-content\/uploads\/2025\/09\/community-1-scaled.jpg\" data-width=\"1920\" data-height=\"2560\" aria-label=\"\" role=\"img\" ><\/div>\n\t\t\t\t\t\t\t\t\t\t\t<div class=\"elementor-gallery-item__overlay\"><\/div>\n\t\t\t\t\t\t\t\t\t\t\t\t\t\t<\/a>\n\t\t\t\t\t\t\t<a class=\"e-gallery-item elementor-gallery-item elementor-animated-content\" href=\"https:\/\/azburnlawyers.com\/wp-content\/uploads\/2026\/02\/IMG_2485.jpg\" data-elementor-open-lightbox=\"yes\" data-elementor-lightbox-slideshow=\"be89f02\" data-elementor-lightbox-title=\"Screenshot\" data-e-action-hash=\"#elementor-action%3Aaction%3Dlightbox%26settings%3DeyJpZCI6MTA1NzIsInVybCI6Imh0dHBzOlwvXC9hemJ1cm5sYXd5ZXJzLmNvbVwvd3AtY29udGVudFwvdXBsb2Fkc1wvMjAyNlwvMDJcL0lNR18yNDg1LmpwZyIsInNsaWRlc2hvdyI6ImJlODlmMDIifQ%3D%3D\">\n\t\t\t\t\t<div class=\"e-gallery-image elementor-gallery-item__image\" data-thumbnail=\"https:\/\/azburnlawyers.com\/wp-content\/uploads\/2026\/02\/IMG_2485.jpg\" data-width=\"1200\" data-height=\"1490\" aria-label=\"\" role=\"img\" ><\/div>\n\t\t\t\t\t\t\t\t\t\t\t<div class=\"elementor-gallery-item__overlay\"><\/div>\n\t\t\t\t\t\t\t\t\t\t\t\t\t\t<\/a>\n\t\t\t\t\t\t\t<a class=\"e-gallery-item elementor-gallery-item elementor-animated-content\" href=\"https:\/\/azburnlawyers.com\/wp-content\/uploads\/2025\/09\/community-2-1.png\" data-elementor-open-lightbox=\"yes\" data-elementor-lightbox-slideshow=\"be89f02\" data-elementor-lightbox-title=\"community 2\" data-e-action-hash=\"#elementor-action%3Aaction%3Dlightbox%26settings%3DeyJpZCI6MTA3MTAsInVybCI6Imh0dHBzOlwvXC9hemJ1cm5sYXd5ZXJzLmNvbVwvd3AtY29udGVudFwvdXBsb2Fkc1wvMjAyNVwvMDlcL2NvbW11bml0eS0yLTEucG5nIiwic2xpZGVzaG93IjoiYmU4OWYwMiJ9\">\n\t\t\t\t\t<div class=\"e-gallery-image elementor-gallery-item__image\" data-thumbnail=\"https:\/\/azburnlawyers.com\/wp-content\/uploads\/2025\/09\/community-2-1.png\" data-width=\"431\" data-height=\"283\" aria-label=\"\" role=\"img\" ><\/div>\n\t\t\t\t\t\t\t\t\t\t\t<div class=\"elementor-gallery-item__overlay\"><\/div>\n\t\t\t\t\t\t\t\t\t\t\t\t\t\t<\/a>\n\t\t\t\t\t\t\t<a class=\"e-gallery-item elementor-gallery-item elementor-animated-content\" href=\"https:\/\/azburnlawyers.com\/wp-content\/uploads\/2026\/02\/IMG_2826.jpeg\" data-elementor-open-lightbox=\"yes\" data-elementor-lightbox-slideshow=\"be89f02\" data-elementor-lightbox-title=\"IMG_2826\" data-e-action-hash=\"#elementor-action%3Aaction%3Dlightbox%26settings%3DeyJpZCI6MTA1NzMsInVybCI6Imh0dHBzOlwvXC9hemJ1cm5sYXd5ZXJzLmNvbVwvd3AtY29udGVudFwvdXBsb2Fkc1wvMjAyNlwvMDJcL0lNR18yODI2LmpwZWciLCJzbGlkZXNob3ciOiJiZTg5ZjAyIn0%3D\">\n\t\t\t\t\t<div class=\"e-gallery-image elementor-gallery-item__image\" data-thumbnail=\"https:\/\/azburnlawyers.com\/wp-content\/uploads\/2026\/02\/IMG_2826.jpeg\" data-width=\"1200\" data-height=\"1600\" aria-label=\"\" role=\"img\" ><\/div>\n\t\t\t\t\t\t\t\t\t\t\t<div class=\"elementor-gallery-item__overlay\"><\/div>\n\t\t\t\t\t\t\t\t\t\t\t\t\t\t<\/a>\n\t\t\t\t\t\t\t<a class=\"e-gallery-item elementor-gallery-item elementor-animated-content\" href=\"https:\/\/azburnlawyers.com\/wp-content\/uploads\/2025\/09\/community-3-scaled.jpg\" data-elementor-open-lightbox=\"yes\" data-elementor-lightbox-slideshow=\"be89f02\" data-elementor-lightbox-title=\"community-3\" data-e-action-hash=\"#elementor-action%3Aaction%3Dlightbox%26settings%3DeyJpZCI6MTA3MDcsInVybCI6Imh0dHBzOlwvXC9hemJ1cm5sYXd5ZXJzLmNvbVwvd3AtY29udGVudFwvdXBsb2Fkc1wvMjAyNVwvMDlcL2NvbW11bml0eS0zLXNjYWxlZC5qcGciLCJzbGlkZXNob3ciOiJiZTg5ZjAyIn0%3D\">\n\t\t\t\t\t<div class=\"e-gallery-image elementor-gallery-item__image\" data-thumbnail=\"https:\/\/azburnlawyers.com\/wp-content\/uploads\/2025\/09\/community-3-scaled.jpg\" data-width=\"1383\" data-height=\"2560\" aria-label=\"\" role=\"img\" ><\/div>\n\t\t\t\t\t\t\t\t\t\t\t<div class=\"elementor-gallery-item__overlay\"><\/div>\n\t\t\t\t\t\t\t\t\t\t\t\t\t\t<\/a>\n\t\t\t\t\t\t\t<a class=\"e-gallery-item elementor-gallery-item elementor-animated-content\" href=\"https:\/\/azburnlawyers.com\/wp-content\/uploads\/2026\/02\/IMG_2926.jpeg\" data-elementor-open-lightbox=\"yes\" data-elementor-lightbox-slideshow=\"be89f02\" data-elementor-lightbox-title=\"IMG_2926\" data-e-action-hash=\"#elementor-action%3Aaction%3Dlightbox%26settings%3DeyJpZCI6MTA1NzYsInVybCI6Imh0dHBzOlwvXC9hemJ1cm5sYXd5ZXJzLmNvbVwvd3AtY29udGVudFwvdXBsb2Fkc1wvMjAyNlwvMDJcL0lNR18yOTI2LmpwZWciLCJzbGlkZXNob3ciOiJiZTg5ZjAyIn0%3D\">\n\t\t\t\t\t<div class=\"e-gallery-image elementor-gallery-item__image\" data-thumbnail=\"https:\/\/azburnlawyers.com\/wp-content\/uploads\/2026\/02\/IMG_2926.jpeg\" data-width=\"1200\" data-height=\"1600\" aria-label=\"\" role=\"img\" ><\/div>\n\t\t\t\t\t\t\t\t\t\t\t<div class=\"elementor-gallery-item__overlay\"><\/div>\n\t\t\t\t\t\t\t\t\t\t\t\t\t\t<\/a>\n\t\t\t\t\t\t\t<a class=\"e-gallery-item elementor-gallery-item elementor-animated-content\" href=\"https:\/\/azburnlawyers.com\/wp-content\/uploads\/2025\/11\/changed-by-fire-3.jpg\" data-elementor-open-lightbox=\"yes\" data-elementor-lightbox-slideshow=\"be89f02\" data-elementor-lightbox-title=\"changed by fire 3\" data-e-action-hash=\"#elementor-action%3Aaction%3Dlightbox%26settings%3DeyJpZCI6MTA3MTMsInVybCI6Imh0dHBzOlwvXC9hemJ1cm5sYXd5ZXJzLmNvbVwvd3AtY29udGVudFwvdXBsb2Fkc1wvMjAyNVwvMTFcL2NoYW5nZWQtYnktZmlyZS0zLmpwZyIsInNsaWRlc2hvdyI6ImJlODlmMDIifQ%3D%3D\">\n\t\t\t\t\t<div class=\"e-gallery-image elementor-gallery-item__image\" data-thumbnail=\"https:\/\/azburnlawyers.com\/wp-content\/uploads\/2025\/11\/changed-by-fire-3.jpg\" data-width=\"1920\" data-height=\"2560\" aria-label=\"\" role=\"img\" ><\/div>\n\t\t\t\t\t\t\t\t\t\t\t<div class=\"elementor-gallery-item__overlay\"><\/div>\n\t\t\t\t\t\t\t\t\t\t\t\t\t\t<\/a>\n\t\t\t\t\t\t\t<a class=\"e-gallery-item elementor-gallery-item elementor-animated-content\" href=\"https:\/\/azburnlawyers.com\/wp-content\/uploads\/2026\/02\/IMG_2826.jpg\" data-elementor-open-lightbox=\"yes\" data-elementor-lightbox-slideshow=\"be89f02\" data-elementor-lightbox-title=\"IMG_2826\" data-e-action-hash=\"#elementor-action%3Aaction%3Dlightbox%26settings%3DeyJpZCI6MTA1NzUsInVybCI6Imh0dHBzOlwvXC9hemJ1cm5sYXd5ZXJzLmNvbVwvd3AtY29udGVudFwvdXBsb2Fkc1wvMjAyNlwvMDJcL0lNR18yODI2LmpwZyIsInNsaWRlc2hvdyI6ImJlODlmMDIifQ%3D%3D\">\n\t\t\t\t\t<div class=\"e-gallery-image elementor-gallery-item__image\" data-thumbnail=\"https:\/\/azburnlawyers.com\/wp-content\/uploads\/2026\/02\/IMG_2826.jpg\" data-width=\"1200\" data-height=\"1600\" aria-label=\"\" role=\"img\" ><\/div>\n\t\t\t\t\t\t\t\t\t\t\t<div class=\"elementor-gallery-item__overlay\"><\/div>\n\t\t\t\t\t\t\t\t\t\t\t\t\t\t<\/a>\n\t\t\t\t\t\t\t<a class=\"e-gallery-item elementor-gallery-item elementor-animated-content\" href=\"https:\/\/azburnlawyers.com\/wp-content\/uploads\/2025\/11\/IMG_1456-scaled.jpg\" data-elementor-open-lightbox=\"yes\" data-elementor-lightbox-slideshow=\"be89f02\" data-elementor-lightbox-title=\"IMG_1456\" data-e-action-hash=\"#elementor-action%3Aaction%3Dlightbox%26settings%3DeyJpZCI6MTA0NDYsInVybCI6Imh0dHBzOlwvXC9hemJ1cm5sYXd5ZXJzLmNvbVwvd3AtY29udGVudFwvdXBsb2Fkc1wvMjAyNVwvMTFcL0lNR18xNDU2LXNjYWxlZC5qcGciLCJzbGlkZXNob3ciOiJiZTg5ZjAyIn0%3D\">\n\t\t\t\t\t<div class=\"e-gallery-image elementor-gallery-item__image\" data-thumbnail=\"https:\/\/azburnlawyers.com\/wp-content\/uploads\/2025\/11\/IMG_1456-scaled.jpg\" data-width=\"1920\" data-height=\"2560\" aria-label=\"\" role=\"img\" ><\/div>\n\t\t\t\t\t\t\t\t\t\t\t<div class=\"elementor-gallery-item__overlay\"><\/div>\n\t\t\t\t\t\t\t\t\t\t\t\t\t\t<\/a>\n\t\t\t\t\t\t\t<a class=\"e-gallery-item elementor-gallery-item elementor-animated-content\" href=\"https:\/\/azburnlawyers.com\/wp-content\/uploads\/2026\/02\/IMG_2031.jpeg\" data-elementor-open-lightbox=\"yes\" data-elementor-lightbox-slideshow=\"be89f02\" data-elementor-lightbox-title=\"IMG_2031\" data-e-action-hash=\"#elementor-action%3Aaction%3Dlightbox%26settings%3DeyJpZCI6MTA1NzEsInVybCI6Imh0dHBzOlwvXC9hemJ1cm5sYXd5ZXJzLmNvbVwvd3AtY29udGVudFwvdXBsb2Fkc1wvMjAyNlwvMDJcL0lNR18yMDMxLmpwZWciLCJzbGlkZXNob3ciOiJiZTg5ZjAyIn0%3D\">\n\t\t\t\t\t<div class=\"e-gallery-image elementor-gallery-item__image\" data-thumbnail=\"https:\/\/azburnlawyers.com\/wp-content\/uploads\/2026\/02\/IMG_2031.jpeg\" data-width=\"1200\" data-height=\"1600\" aria-label=\"\" role=\"img\" ><\/div>\n\t\t\t\t\t\t\t\t\t\t\t<div class=\"elementor-gallery-item__overlay\"><\/div>\n\t\t\t\t\t\t\t\t\t\t\t\t\t\t<\/a>\n\t\t\t\t\t\t\t<a class=\"e-gallery-item elementor-gallery-item elementor-animated-content\" href=\"https:\/\/azburnlawyers.com\/wp-content\/uploads\/2025\/11\/ABF-SMOKE-ALARM-WALK-2-scaled.jpg\" data-elementor-open-lightbox=\"yes\" data-elementor-lightbox-slideshow=\"be89f02\" data-elementor-lightbox-title=\"ABF SMOKE ALARM WALK 2\" data-e-action-hash=\"#elementor-action%3Aaction%3Dlightbox%26settings%3DeyJpZCI6MTA0NDcsInVybCI6Imh0dHBzOlwvXC9hemJ1cm5sYXd5ZXJzLmNvbVwvd3AtY29udGVudFwvdXBsb2Fkc1wvMjAyNVwvMTFcL0FCRi1TTU9LRS1BTEFSTS1XQUxLLTItc2NhbGVkLmpwZyIsInNsaWRlc2hvdyI6ImJlODlmMDIifQ%3D%3D\">\n\t\t\t\t\t<div class=\"e-gallery-image elementor-gallery-item__image\" data-thumbnail=\"https:\/\/azburnlawyers.com\/wp-content\/uploads\/2025\/11\/ABF-SMOKE-ALARM-WALK-2-scaled.jpg\" data-width=\"1614\" data-height=\"2560\" aria-label=\"\" role=\"img\" ><\/div>\n\t\t\t\t\t\t\t\t\t\t\t<div class=\"elementor-gallery-item__overlay\"><\/div>\n\t\t\t\t\t\t\t\t\t\t\t\t\t\t<\/a>\n\t\t\t\t\t\t\t<a class=\"e-gallery-item elementor-gallery-item elementor-animated-content\" href=\"https:\/\/azburnlawyers.com\/wp-content\/uploads\/2026\/02\/IMG_2829.jpeg\" data-elementor-open-lightbox=\"yes\" data-elementor-lightbox-slideshow=\"be89f02\" data-elementor-lightbox-title=\"IMG_2829\" data-e-action-hash=\"#elementor-action%3Aaction%3Dlightbox%26settings%3DeyJpZCI6MTA1NzQsInVybCI6Imh0dHBzOlwvXC9hemJ1cm5sYXd5ZXJzLmNvbVwvd3AtY29udGVudFwvdXBsb2Fkc1wvMjAyNlwvMDJcL0lNR18yODI5LmpwZWciLCJzbGlkZXNob3ciOiJiZTg5ZjAyIn0%3D\">\n\t\t\t\t\t<div class=\"e-gallery-image elementor-gallery-item__image\" data-thumbnail=\"https:\/\/azburnlawyers.com\/wp-content\/uploads\/2026\/02\/IMG_2829.jpeg\" data-width=\"1200\" data-height=\"1600\" aria-label=\"\" role=\"img\" ><\/div>\n\t\t\t\t\t\t\t\t\t\t\t<div class=\"elementor-gallery-item__overlay\"><\/div>\n\t\t\t\t\t\t\t\t\t\t\t\t\t\t<\/a>\n\t\t\t\t\t\t\t<a class=\"e-gallery-item elementor-gallery-item elementor-animated-content\" href=\"https:\/\/azburnlawyers.com\/wp-content\/uploads\/2026\/04\/IMG_3261.jpeg\" data-elementor-open-lightbox=\"yes\" data-elementor-lightbox-slideshow=\"be89f02\" data-elementor-lightbox-title=\"IMG_3261\" data-e-action-hash=\"#elementor-action%3Aaction%3Dlightbox%26settings%3DeyJpZCI6MTA2ODAsInVybCI6Imh0dHBzOlwvXC9hemJ1cm5sYXd5ZXJzLmNvbVwvd3AtY29udGVudFwvdXBsb2Fkc1wvMjAyNlwvMDRcL0lNR18zMjYxLmpwZWciLCJzbGlkZXNob3ciOiJiZTg5ZjAyIn0%3D\">\n\t\t\t\t\t<div class=\"e-gallery-image elementor-gallery-item__image\" data-thumbnail=\"https:\/\/azburnlawyers.com\/wp-content\/uploads\/2026\/04\/IMG_3261.jpeg\" data-width=\"1200\" data-height=\"1600\" aria-label=\"\" role=\"img\" ><\/div>\n\t\t\t\t\t\t\t\t\t\t\t<div class=\"elementor-gallery-item__overlay\"><\/div>\n\t\t\t\t\t\t\t\t\t\t\t\t\t\t<\/a>\n\t\t\t\t\t\t\t<a class=\"e-gallery-item elementor-gallery-item elementor-animated-content\" href=\"https:\/\/azburnlawyers.com\/wp-content\/uploads\/2026\/04\/IMG_2998.jpeg\" data-elementor-open-lightbox=\"yes\" data-elementor-lightbox-slideshow=\"be89f02\" data-elementor-lightbox-title=\"IMG_2998\" data-e-action-hash=\"#elementor-action%3Aaction%3Dlightbox%26settings%3DeyJpZCI6MTA2ODEsInVybCI6Imh0dHBzOlwvXC9hemJ1cm5sYXd5ZXJzLmNvbVwvd3AtY29udGVudFwvdXBsb2Fkc1wvMjAyNlwvMDRcL0lNR18yOTk4LmpwZWciLCJzbGlkZXNob3ciOiJiZTg5ZjAyIn0%3D\">\n\t\t\t\t\t<div class=\"e-gallery-image elementor-gallery-item__image\" data-thumbnail=\"https:\/\/azburnlawyers.com\/wp-content\/uploads\/2026\/04\/IMG_2998.jpeg\" data-width=\"1200\" data-height=\"1600\" aria-label=\"\" role=\"img\" ><\/div>\n\t\t\t\t\t\t\t\t\t\t\t<div class=\"elementor-gallery-item__overlay\"><\/div>\n\t\t\t\t\t\t\t\t\t\t\t\t\t\t<\/a>\n\t\t\t\t\t\t\t<a class=\"e-gallery-item elementor-gallery-item elementor-animated-content\" href=\"https:\/\/azburnlawyers.com\/wp-content\/uploads\/2026\/04\/6018648A-7238-4753-9C11-81DAF86F255D.jpg\" data-elementor-open-lightbox=\"yes\" data-elementor-lightbox-slideshow=\"be89f02\" data-elementor-lightbox-title=\"6018648A-7238-4753-9C11-81DAF86F255D\" data-e-action-hash=\"#elementor-action%3Aaction%3Dlightbox%26settings%3DeyJpZCI6MTA2ODIsInVybCI6Imh0dHBzOlwvXC9hemJ1cm5sYXd5ZXJzLmNvbVwvd3AtY29udGVudFwvdXBsb2Fkc1wvMjAyNlwvMDRcLzYwMTg2NDhBLTcyMzgtNDc1My05QzExLTgxREFGODZGMjU1RC5qcGciLCJzbGlkZXNob3ciOiJiZTg5ZjAyIn0%3D\">\n\t\t\t\t\t<div class=\"e-gallery-image elementor-gallery-item__image\" data-thumbnail=\"https:\/\/azburnlawyers.com\/wp-content\/uploads\/2026\/04\/6018648A-7238-4753-9C11-81DAF86F255D.jpg\" data-width=\"1200\" data-height=\"2133\" aria-label=\"\" role=\"img\" ><\/div>\n\t\t\t\t\t\t\t\t\t\t\t<div class=\"elementor-gallery-item__overlay\"><\/div>\n\t\t\t\t\t\t\t\t\t\t\t\t\t\t<\/a>\n\t\t\t\t\t\t\t<a class=\"e-gallery-item elementor-gallery-item elementor-animated-content\" href=\"https:\/\/azburnlawyers.com\/wp-content\/uploads\/2026\/04\/IMG_3267.jpeg\" data-elementor-open-lightbox=\"yes\" data-elementor-lightbox-slideshow=\"be89f02\" data-elementor-lightbox-title=\"IMG_3267\" data-e-action-hash=\"#elementor-action%3Aaction%3Dlightbox%26settings%3DeyJpZCI6MTA2ODMsInVybCI6Imh0dHBzOlwvXC9hemJ1cm5sYXd5ZXJzLmNvbVwvd3AtY29udGVudFwvdXBsb2Fkc1wvMjAyNlwvMDRcL0lNR18zMjY3LmpwZWciLCJzbGlkZXNob3ciOiJiZTg5ZjAyIn0%3D\">\n\t\t\t\t\t<div class=\"e-gallery-image elementor-gallery-item__image\" data-thumbnail=\"https:\/\/azburnlawyers.com\/wp-content\/uploads\/2026\/04\/IMG_3267.jpeg\" data-width=\"1200\" data-height=\"1600\" aria-label=\"\" role=\"img\" ><\/div>\n\t\t\t\t\t\t\t\t\t\t\t<div class=\"elementor-gallery-item__overlay\"><\/div>\n\t\t\t\t\t\t\t\t\t\t\t\t\t\t<\/a>\n\t\t\t\t\t\t\t<a class=\"e-gallery-item elementor-gallery-item elementor-animated-content\" href=\"https:\/\/azburnlawyers.com\/wp-content\/uploads\/2026\/04\/IMG_3286.jpeg\" data-elementor-open-lightbox=\"yes\" data-elementor-lightbox-slideshow=\"be89f02\" data-elementor-lightbox-title=\"IMG_3286\" data-e-action-hash=\"#elementor-action%3Aaction%3Dlightbox%26settings%3DeyJpZCI6MTA2ODQsInVybCI6Imh0dHBzOlwvXC9hemJ1cm5sYXd5ZXJzLmNvbVwvd3AtY29udGVudFwvdXBsb2Fkc1wvMjAyNlwvMDRcL0lNR18zMjg2LmpwZWciLCJzbGlkZXNob3ciOiJiZTg5ZjAyIn0%3D\">\n\t\t\t\t\t<div class=\"e-gallery-image elementor-gallery-item__image\" data-thumbnail=\"https:\/\/azburnlawyers.com\/wp-content\/uploads\/2026\/04\/IMG_3286.jpeg\" data-width=\"1200\" data-height=\"1600\" aria-label=\"\" role=\"img\" ><\/div>\n\t\t\t\t\t\t\t\t\t\t\t<div class=\"elementor-gallery-item__overlay\"><\/div>\n\t\t\t\t\t\t\t\t\t\t\t\t\t\t<\/a>\n\t\t\t\t\t\t\t<a class=\"e-gallery-item elementor-gallery-item elementor-animated-content\" href=\"https:\/\/azburnlawyers.com\/wp-content\/uploads\/2026\/04\/IMG_3335.jpg\" data-elementor-open-lightbox=\"yes\" data-elementor-lightbox-slideshow=\"be89f02\" data-elementor-lightbox-title=\"IMG_3335\" data-e-action-hash=\"#elementor-action%3Aaction%3Dlightbox%26settings%3DeyJpZCI6MTA2ODUsInVybCI6Imh0dHBzOlwvXC9hemJ1cm5sYXd5ZXJzLmNvbVwvd3AtY29udGVudFwvdXBsb2Fkc1wvMjAyNlwvMDRcL0lNR18zMzM1LmpwZyIsInNsaWRlc2hvdyI6ImJlODlmMDIifQ%3D%3D\">\n\t\t\t\t\t<div class=\"e-gallery-image elementor-gallery-item__image\" data-thumbnail=\"https:\/\/azburnlawyers.com\/wp-content\/uploads\/2026\/04\/IMG_3335.jpg\" data-width=\"2048\" data-height=\"1365\" aria-label=\"\" role=\"img\" ><\/div>\n\t\t\t\t\t\t\t\t\t\t\t<div class=\"elementor-gallery-item__overlay\"><\/div>\n\t\t\t\t\t\t\t\t\t\t\t\t\t\t<\/a>\n\t\t\t\t\t\t\t<a class=\"e-gallery-item elementor-gallery-item elementor-animated-content\" href=\"https:\/\/azburnlawyers.com\/wp-content\/uploads\/2026\/04\/IMG_3337.jpg\" data-elementor-open-lightbox=\"yes\" data-elementor-lightbox-slideshow=\"be89f02\" data-elementor-lightbox-title=\"IMG_3337\" data-e-action-hash=\"#elementor-action%3Aaction%3Dlightbox%26settings%3DeyJpZCI6MTA2ODYsInVybCI6Imh0dHBzOlwvXC9hemJ1cm5sYXd5ZXJzLmNvbVwvd3AtY29udGVudFwvdXBsb2Fkc1wvMjAyNlwvMDRcL0lNR18zMzM3LmpwZyIsInNsaWRlc2hvdyI6ImJlODlmMDIifQ%3D%3D\">\n\t\t\t\t\t<div class=\"e-gallery-image elementor-gallery-item__image\" data-thumbnail=\"https:\/\/azburnlawyers.com\/wp-content\/uploads\/2026\/04\/IMG_3337.jpg\" data-width=\"1221\" data-height=\"1365\" aria-label=\"\" role=\"img\" ><\/div>\n\t\t\t\t\t\t\t\t\t\t\t<div class=\"elementor-gallery-item__overlay\"><\/div>\n\t\t\t\t\t\t\t\t\t\t\t\t\t\t<\/a>\n\t\t\t\t\t<\/div>\n\t\t\t\t\t<\/div>\n\t\t\t\t\t<\/div>\n\t\t\t\t<\/div>\n\t\t\t\t<\/div>\n\t\t","protected":false},"excerpt":{"rendered":"<p>PARTICIPACI\u00d3N en la comunidad En AZ Burn Lawyers, no solo luchamos por las v\u00edctimas de quemaduras: marcamos la diferencia en la comunidad apoyando a organizaciones sin \u00e1nimo de lucro, a las v\u00edctimas de quemaduras y a sus familias. Estamos a su lado durante todo el proceso y mucho despu\u00e9s, ayud\u00e1ndoles no solo a recuperarse, sino [&hellip;]<\/p>\n","protected":false},"author":9,"featured_media":0,"parent":0,"menu_order":0,"comment_status":"closed","ping_status":"closed","template":"","meta":{"footnotes":""},"class_list":["post-10705","page","type-page","status-publish","hentry"],"_links":{"self":[{"href":"https:\/\/azburnlawyers.com\/es\/wp-json\/wp\/v2\/pages\/10705","targetHints":{"allow":["GET"]}}],"collection":[{"href":"https:\/\/azburnlawyers.com\/es\/wp-json\/wp\/v2\/pages"}],"about":[{"href":"https:\/\/azburnlawyers.com\/es\/wp-json\/wp\/v2\/types\/page"}],"author":[{"embeddable":true,"href":"https:\/\/azburnlawyers.com\/es\/wp-json\/wp\/v2\/users\/9"}],"replies":[{"embeddable":true,"href":"https:\/\/azburnlawyers.com\/es\/wp-json\/wp\/v2\/comments?post=10705"}],"version-history":[{"count":3,"href":"https:\/\/azburnlawyers.com\/es\/wp-json\/wp\/v2\/pages\/10705\/revisions"}],"predecessor-version":[{"id":10788,"href":"https:\/\/azburnlawyers.com\/es\/wp-json\/wp\/v2\/pages\/10705\/revisions\/10788"}],"wp:attachment":[{"href":"https:\/\/azburnlawyers.com\/es\/wp-json\/wp\/v2\/media?parent=10705"}],"curies":[{"name":"wp","href":"https:\/\/api.w.org\/{rel}","templated":true}]}}