{"id":10993,"date":"2025-08-01T02:54:53","date_gmt":"2025-08-01T02:54:53","guid":{"rendered":"https:\/\/azburnlawyers.com\/?page_id=9235"},"modified":"2026-04-27T13:21:57","modified_gmt":"2026-04-27T13:21:57","slug":"proceso-de-casos-de-quemaduras-en-arizona","status":"publish","type":"page","link":"https:\/\/azburnlawyers.com\/es\/proceso-de-casos-de-quemaduras-en-arizona\/","title":{"rendered":"Proceso de casos de quemaduras en Arizona"},"content":{"rendered":"\t\t<div data-elementor-type=\"wp-page\" data-elementor-id=\"10993\" class=\"elementor elementor-10993 elementor-9235\" data-elementor-post-type=\"page\">\n\t\t\t\t\t\t<section class=\"elementor-section elementor-top-section elementor-element elementor-element-e81480e elementor-section-boxed elementor-section-height-default elementor-section-height-default\" data-id=\"e81480e\" data-element_type=\"section\" data-e-type=\"section\" data-settings=\"{&quot;background_background&quot;:&quot;classic&quot;}\">\n\t\t\t\t\t\t\t<div class=\"elementor-background-overlay\"><\/div>\n\t\t\t\t\t\t\t<div class=\"elementor-container elementor-column-gap-extended\">\n\t\t\t\t\t<div class=\"elementor-column elementor-col-100 elementor-top-column elementor-element elementor-element-1c9c784\" data-id=\"1c9c784\" data-element_type=\"column\" data-e-type=\"column\">\n\t\t\t<div class=\"elementor-widget-wrap elementor-element-populated\">\n\t\t\t\t\t\t<div class=\"elementor-element elementor-element-dced3e5 elementor-widget elementor-widget-heading\" data-id=\"dced3e5\" data-element_type=\"widget\" data-e-type=\"widget\" data-widget_type=\"heading.default\">\n\t\t\t\t\t<h1 class=\"elementor-heading-title elementor-size-default\">El proceso de demanda por lesiones por quemaduras en Arizona: paso a paso<\/h1>\t\t\t\t<\/div>\n\t\t\t\t\t<\/div>\n\t\t<\/div>\n\t\t\t\t\t<\/div>\n\t\t<\/section>\n\t\t<div class=\"elementor-element elementor-element-628c49a e-flex e-con-boxed e-con e-parent\" data-id=\"628c49a\" data-element_type=\"container\" data-e-type=\"container\">\n\t\t\t\t\t<div class=\"e-con-inner\">\n\t\t<div class=\"elementor-element elementor-element-f1b72c5 e-con-full e-flex e-con e-child\" data-id=\"f1b72c5\" data-element_type=\"container\" data-e-type=\"container\">\n\t\t\t\t<div class=\"elementor-element elementor-element-30dfae8 elementor-widget elementor-widget-heading\" data-id=\"30dfae8\" data-element_type=\"widget\" data-e-type=\"widget\" data-widget_type=\"heading.default\">\n\t\t\t\t\t<h1 class=\"elementor-heading-title elementor-size-default\">Le guiamos en cada etapa del proceso legal<\/h1>\t\t\t\t<\/div>\n\t\t\t\t<div class=\"elementor-element elementor-element-2871f2a elementor-widget elementor-widget-text-editor\" data-id=\"2871f2a\" data-element_type=\"widget\" data-e-type=\"widget\" data-widget_type=\"text-editor.default\">\n\t\t\t\t\t\t\t\t\t<p><span style=\"font-weight: 400\">Navegar un caso de lesi\u00f3n por quemaduras puede resultar abrumador \u2014 especialmente mientras se recupera del trauma. En AZ Burn Lawyers, nos encargamos de las complejidades legales para que usted pueda concentrarse en su recuperaci\u00f3n. Esto es lo que puede esperar desde el momento en que nos contacta hasta la resoluci\u00f3n final de su caso.<\/span><\/p>\t\t\t\t\t\t\t\t<\/div>\n\t\t\t\t<\/div>\n\t\t\t\t\t<\/div>\n\t\t\t\t<\/div>\n\t\t<div class=\"elementor-element elementor-element-5744c961 e-flex e-con-boxed e-con e-parent\" data-id=\"5744c961\" data-element_type=\"container\" data-e-type=\"container\" data-settings=\"{&quot;background_background&quot;:&quot;classic&quot;}\">\n\t\t\t\t\t<div class=\"e-con-inner\">\n\t\t\t\t<div class=\"elementor-element elementor-element-1ded4ef7 e-n-tabs-mobile elementor-widget elementor-widget-n-tabs\" data-id=\"1ded4ef7\" data-element_type=\"widget\" data-e-type=\"widget\" data-widget_type=\"nested-tabs.default\">\n\t\t\t\t\t\t\t<div class=\"e-n-tabs\" data-widget-number=\"502091511\" aria-label=\"Pesta\u00f1as. Abre elementos con Intro o Espacio, ci\u00e9rralos con Escape y navega con las fechas.\">\n\t\t\t<div class=\"e-n-tabs-heading\" role=\"tablist\">\n\t\t\t\t\t<button id=\"e-n-tab-title-5020915111\" data-tab-title-id=\"e-n-tab-title-5020915111\" class=\"e-n-tab-title\" aria-selected=\"true\" data-tab-index=\"1\" role=\"tab\" tabindex=\"0\" aria-controls=\"e-n-tab-content-5020915111\" style=\"--n-tabs-title-order: 1;\">\n\t\t\t\t\t\t<span class=\"e-n-tab-title-text\">\n\t\t\t\tStep 1: Free Consultation &amp; Case Evaluation\t\t\t<\/span>\n\t\t<\/button>\n\t\t\t\t<button id=\"e-n-tab-title-5020915112\" data-tab-title-id=\"e-n-tab-title-5020915112\" class=\"e-n-tab-title\" aria-selected=\"false\" data-tab-index=\"2\" role=\"tab\" tabindex=\"-1\" aria-controls=\"e-n-tab-content-5020915112\" style=\"--n-tabs-title-order: 2;\">\n\t\t\t\t\t\t<span class=\"e-n-tab-title-text\">\n\t\t\t\tStep 2: Investigation &amp; Evidence Gathering\t\t\t<\/span>\n\t\t<\/button>\n\t\t\t\t<button id=\"e-n-tab-title-5020915113\" data-tab-title-id=\"e-n-tab-title-5020915113\" class=\"e-n-tab-title\" aria-selected=\"false\" data-tab-index=\"3\" role=\"tab\" tabindex=\"-1\" aria-controls=\"e-n-tab-content-5020915113\" style=\"--n-tabs-title-order: 3;\">\n\t\t\t\t\t\t<span class=\"e-n-tab-title-text\">\n\t\t\t\tStep 3: Demand Letter &amp; Settlement Negotiations\t\t\t<\/span>\n\t\t<\/button>\n\t\t\t\t<button id=\"e-n-tab-title-5020915114\" data-tab-title-id=\"e-n-tab-title-5020915114\" class=\"e-n-tab-title\" aria-selected=\"false\" data-tab-index=\"4\" role=\"tab\" tabindex=\"-1\" aria-controls=\"e-n-tab-content-5020915114\" style=\"--n-tabs-title-order: 4;\">\n\t\t\t\t\t\t<span class=\"e-n-tab-title-text\">\n\t\t\t\tStep 4: Filing a Lawsuit (If Needed)\t\t\t<\/span>\n\t\t<\/button>\n\t\t\t\t<button id=\"e-n-tab-title-5020915115\" data-tab-title-id=\"e-n-tab-title-5020915115\" class=\"e-n-tab-title\" aria-selected=\"false\" data-tab-index=\"5\" role=\"tab\" tabindex=\"-1\" aria-controls=\"e-n-tab-content-5020915115\" style=\"--n-tabs-title-order: 5;\">\n\t\t\t\t\t\t<span class=\"e-n-tab-title-text\">\n\t\t\t\tStep 5: Trial or Settlement Resolution\t\t\t<\/span>\n\t\t<\/button>\n\t\t\t\t<button id=\"e-n-tab-title-5020915116\" data-tab-title-id=\"e-n-tab-title-5020915116\" class=\"e-n-tab-title\" aria-selected=\"false\" data-tab-index=\"6\" role=\"tab\" tabindex=\"-1\" aria-controls=\"e-n-tab-content-5020915116\" style=\"--n-tabs-title-order: 6;\">\n\t\t\t\t\t\t<span class=\"e-n-tab-title-text\">\n\t\t\t\tStep 6: Support After the Case\t\t\t<\/span>\n\t\t<\/button>\n\t\t\t\t\t<\/div>\n\t\t\t<div class=\"e-n-tabs-content\">\n\t\t\t\t<div id=\"e-n-tab-content-5020915111\" role=\"tabpanel\" aria-labelledby=\"e-n-tab-title-5020915111\" data-tab-index=\"1\" style=\"--n-tabs-title-order: 1;\" class=\"e-active elementor-element elementor-element-379bec77 e-con-full e-flex elementor-invisible e-con e-child\" data-id=\"379bec77\" data-element_type=\"container\" data-e-type=\"container\" data-settings=\"{&quot;background_background&quot;:&quot;classic&quot;,&quot;animation&quot;:&quot;fadeInRight&quot;}\">\n\t\t\t\t<div class=\"elementor-element elementor-element-60e888b1 elementor-widget elementor-widget-text-editor\" data-id=\"60e888b1\" data-element_type=\"widget\" data-e-type=\"widget\" data-widget_type=\"text-editor.default\">\n\t\t\t\t\t\t\t\t\t<p><span style=\"font-weight: 400\">Su proceso comienza con una revisi\u00f3n de caso sin costo. Escucharemos su historia, le explicaremos sus derechos y determinaremos si tiene un reclamo s\u00f3lido bajo la ley de Arizona. Si aceptamos su caso, no hay honorarios a menos que ganemos.<\/span><\/p>\t\t\t\t\t\t\t\t<\/div>\n\t\t\t\t<\/div>\n\t\t<div id=\"e-n-tab-content-5020915112\" role=\"tabpanel\" aria-labelledby=\"e-n-tab-title-5020915112\" data-tab-index=\"2\" style=\"--n-tabs-title-order: 2;\" class=\" elementor-element elementor-element-4471a8ee e-con-full e-flex elementor-invisible e-con e-child\" data-id=\"4471a8ee\" data-element_type=\"container\" data-e-type=\"container\" data-settings=\"{&quot;background_background&quot;:&quot;classic&quot;,&quot;animation&quot;:&quot;fadeInRight&quot;}\">\n\t\t\t\t<div class=\"elementor-element elementor-element-2b722b50 elementor-widget elementor-widget-text-editor\" data-id=\"2b722b50\" data-element_type=\"widget\" data-e-type=\"widget\" data-widget_type=\"text-editor.default\">\n\t\t\t\t\t\t\t\t\t<p><span style=\"font-weight: 400\">Nuestro equipo comienza de inmediato a construir su caso. Recopilamos:<\/span><\/p><ul><li style=\"font-weight: 400\" aria-level=\"1\"><span style=\"font-weight: 400\">Informes policiales o de bomberos<\/span><span style=\"font-weight: 400\"><br><\/span><\/li><li style=\"font-weight: 400\" aria-level=\"1\"><span style=\"font-weight: 400\">Expedientes m\u00e9dicos y planes de tratamiento<\/span><span style=\"font-weight: 400\"><br><\/span><\/li><li style=\"font-weight: 400\" aria-level=\"1\"><span style=\"font-weight: 400\">Fotos de la escena y de las lesiones<\/span><span style=\"font-weight: 400\"><br><\/span><\/li><li style=\"font-weight: 400\" aria-level=\"1\"><span style=\"font-weight: 400\">Declaraciones de testigos<\/span><span style=\"font-weight: 400\"><br><\/span><\/li><li style=\"font-weight: 400\" aria-level=\"1\"><span style=\"font-weight: 400\">An\u00e1lisis de expertos (si es necesario)<\/span><span style=\"font-weight: 400\"><br><\/span><\/li><\/ul><p><span style=\"font-weight: 400\">Esta etapa es fundamental para demostrar tanto la responsabilidad como los da\u00f1os.<\/span><\/p>\t\t\t\t\t\t\t\t<\/div>\n\t\t\t\t<\/div>\n\t\t<div id=\"e-n-tab-content-5020915113\" role=\"tabpanel\" aria-labelledby=\"e-n-tab-title-5020915113\" data-tab-index=\"3\" style=\"--n-tabs-title-order: 3;\" class=\" elementor-element elementor-element-6130c4 e-con-full e-flex elementor-invisible e-con e-child\" data-id=\"6130c4\" data-element_type=\"container\" data-e-type=\"container\" data-settings=\"{&quot;background_background&quot;:&quot;classic&quot;,&quot;animation&quot;:&quot;fadeInRight&quot;}\">\n\t\t\t\t<div class=\"elementor-element elementor-element-1519bf19 elementor-widget elementor-widget-text-editor\" data-id=\"1519bf19\" data-element_type=\"widget\" data-e-type=\"widget\" data-widget_type=\"text-editor.default\">\n\t\t\t\t\t\t\t\t\t<p><span style=\"font-weight: 400\">Una vez que comprendemos el alcance total de sus lesiones y p\u00e9rdidas, preparamos una carta de demanda detallada para la compa\u00f1\u00eda de seguros o la parte responsable. La mayor\u00eda de las reclamaciones por lesiones por quemaduras se resuelven mediante negociaciones firmes \u2014 pero nunca aceptamos menos de lo que usted merece.<\/span><\/p>\t\t\t\t\t\t\t\t<\/div>\n\t\t\t\t<\/div>\n\t\t<div id=\"e-n-tab-content-5020915114\" role=\"tabpanel\" aria-labelledby=\"e-n-tab-title-5020915114\" data-tab-index=\"4\" style=\"--n-tabs-title-order: 4;\" class=\" elementor-element elementor-element-266194c e-con-full e-flex elementor-invisible e-con e-child\" data-id=\"266194c\" data-element_type=\"container\" data-e-type=\"container\" data-settings=\"{&quot;background_background&quot;:&quot;classic&quot;,&quot;animation&quot;:&quot;fadeInRight&quot;}\">\n\t\t\t\t<div class=\"elementor-element elementor-element-c4fcdf2 elementor-widget elementor-widget-text-editor\" data-id=\"c4fcdf2\" data-element_type=\"widget\" data-e-type=\"widget\" data-widget_type=\"text-editor.default\">\n\t\t\t\t\t\t\t\t\t<p><span style=\"font-weight: 400\">Si la compa\u00f1\u00eda de seguros se niega a ofrecer un acuerdo justo, estamos completamente preparados para presentar una demanda. Nuestros abogados son litigantes con experiencia que representar\u00e1n su caso en los tribunales de Arizona \u2014 y luchar\u00e1n por la m\u00e1xima compensaci\u00f3n disponible.<\/span><\/p>\t\t\t\t\t\t\t\t<\/div>\n\t\t\t\t<\/div>\n\t\t<div id=\"e-n-tab-content-5020915115\" role=\"tabpanel\" aria-labelledby=\"e-n-tab-title-5020915115\" data-tab-index=\"5\" style=\"--n-tabs-title-order: 5;\" class=\" elementor-element elementor-element-61e8240 e-con-full e-flex elementor-invisible e-con e-child\" data-id=\"61e8240\" data-element_type=\"container\" data-e-type=\"container\" data-settings=\"{&quot;background_background&quot;:&quot;classic&quot;,&quot;animation&quot;:&quot;fadeInRight&quot;}\">\n\t\t\t\t<div class=\"elementor-element elementor-element-71260c8 elementor-widget elementor-widget-text-editor\" data-id=\"71260c8\" data-element_type=\"widget\" data-e-type=\"widget\" data-widget_type=\"text-editor.default\">\n\t\t\t\t\t\t\t\t\t<p><span style=\"font-weight: 400\">Su caso puede resolverse en cualquier momento mediante acuerdo, mediaci\u00f3n o juicio. Le asesoraremos en cada paso y nos aseguraremos de que su voz sea escuchada. Nuestro objetivo es obtener justicia para usted, no solo un pago r\u00e1pido.<\/span><\/p>\t\t\t\t\t\t\t\t<\/div>\n\t\t\t\t<\/div>\n\t\t<div id=\"e-n-tab-content-5020915116\" role=\"tabpanel\" aria-labelledby=\"e-n-tab-title-5020915116\" data-tab-index=\"6\" style=\"--n-tabs-title-order: 6;\" class=\" elementor-element elementor-element-84443eb e-con-full e-flex elementor-invisible e-con e-child\" data-id=\"84443eb\" data-element_type=\"container\" data-e-type=\"container\" data-settings=\"{&quot;background_background&quot;:&quot;classic&quot;,&quot;animation&quot;:&quot;fadeInRight&quot;}\">\n\t\t\t\t<div class=\"elementor-element elementor-element-621a1aa elementor-widget elementor-widget-text-editor\" data-id=\"621a1aa\" data-element_type=\"widget\" data-e-type=\"widget\" data-widget_type=\"text-editor.default\">\n\t\t\t\t\t\t\t\t\t<p><span style=\"font-weight: 400\">&nbsp;Incluso despu\u00e9s de que su caso termine, estamos aqu\u00ed para usted. Nuestra enlace de apoyo para quemaduras, Stephanie Nygard, ofrece apoyo entre pares para ayudar a los sobrevivientes a avanzar emocional, f\u00edsica y financieramente.<\/span><\/p>\t\t\t\t\t\t\t\t<\/div>\n\t\t\t\t<\/div>\n\t\t\t\t\t<\/div>\n\t\t<\/div>\n\t\t\t\t\t\t<\/div>\n\t\t\t\t\t<\/div>\n\t\t\t\t<\/div>\n\t\t<div class=\"elementor-element elementor-element-2d04caed e-flex e-con-boxed e-con e-parent\" data-id=\"2d04caed\" data-element_type=\"container\" data-e-type=\"container\" data-settings=\"{&quot;background_background&quot;:&quot;classic&quot;}\">\n\t\t\t\t\t<div class=\"e-con-inner\">\n\t\t<div class=\"elementor-element elementor-element-7b2c5bd2 e-con-full recover e-flex e-con e-child\" data-id=\"7b2c5bd2\" data-element_type=\"container\" data-e-type=\"container\" data-settings=\"{&quot;background_background&quot;:&quot;classic&quot;}\">\n\t\t\t\t<div class=\"elementor-element elementor-element-19e80668 elementor-widget elementor-widget-heading\" data-id=\"19e80668\" data-element_type=\"widget\" data-e-type=\"widget\" data-widget_type=\"heading.default\">\n\t\t\t\t\t<h3 class=\"elementor-heading-title elementor-size-default\">Deje que los abogados de lesiones por quemaduras de Arizona luchen por usted<\/h3>\t\t\t\t<\/div>\n\t\t\t\t<div class=\"elementor-element elementor-element-33e17ec1 elementor-widget elementor-widget-text-editor\" data-id=\"33e17ec1\" data-element_type=\"widget\" data-e-type=\"widget\" data-widget_type=\"text-editor.default\">\n\t\t\t\t\t\t\t\t\t<p><span style=\"font-weight: 400\">Desde el momento de la lesi\u00f3n hasta la recuperaci\u00f3n total, estamos con usted en cada paso. No tiene que enfrentar esto solo \u2014 y no nos paga a menos que ganemos.<\/span><\/p>\t\t\t\t\t\t\t\t<\/div>\n\t\t\t\t<\/div>\n\t\t\t\t\t<\/div>\n\t\t\t\t<\/div>\n\t\t\t\t<\/div>\n\t\t","protected":false},"excerpt":{"rendered":"<p>The Burn Injury Lawsuit Process in Arizona: Step by Step We Guide You Through Every Stage of the Legal Process Navigating a burn injury case can feel overwhelming \u2014 especially while recovering from trauma. At AZ Burn Lawyers, we handle the legal complexities so you can focus on healing. Here\u2019s what to expect from the [&hellip;]<\/p>\n","protected":false},"author":20,"featured_media":0,"parent":0,"menu_order":0,"comment_status":"closed","ping_status":"closed","template":"","meta":{"footnotes":""},"class_list":["post-10993","page","type-page","status-publish","hentry"],"_links":{"self":[{"href":"https:\/\/azburnlawyers.com\/es\/wp-json\/wp\/v2\/pages\/10993","targetHints":{"allow":["GET"]}}],"collection":[{"href":"https:\/\/azburnlawyers.com\/es\/wp-json\/wp\/v2\/pages"}],"about":[{"href":"https:\/\/azburnlawyers.com\/es\/wp-json\/wp\/v2\/types\/page"}],"author":[{"embeddable":true,"href":"https:\/\/azburnlawyers.com\/es\/wp-json\/wp\/v2\/users\/20"}],"replies":[{"embeddable":true,"href":"https:\/\/azburnlawyers.com\/es\/wp-json\/wp\/v2\/comments?post=10993"}],"version-history":[{"count":1,"href":"https:\/\/azburnlawyers.com\/es\/wp-json\/wp\/v2\/pages\/10993\/revisions"}],"predecessor-version":[{"id":11324,"href":"https:\/\/azburnlawyers.com\/es\/wp-json\/wp\/v2\/pages\/10993\/revisions\/11324"}],"wp:attachment":[{"href":"https:\/\/azburnlawyers.com\/es\/wp-json\/wp\/v2\/media?parent=10993"}],"curies":[{"name":"wp","href":"https:\/\/api.w.org\/{rel}","templated":true}]}}