{"id":10997,"date":"2025-08-01T02:56:25","date_gmt":"2025-08-01T02:56:25","guid":{"rendered":"https:\/\/azburnlawyers.com\/?page_id=9254"},"modified":"2026-04-27T13:21:58","modified_gmt":"2026-04-27T13:21:58","slug":"centros-de-quemaduras-de-arizona","status":"publish","type":"page","link":"https:\/\/azburnlawyers.com\/es\/centros-de-quemaduras-de-arizona\/","title":{"rendered":"Centros de Quemaduras de Arizona"},"content":{"rendered":"\t\t<div data-elementor-type=\"wp-page\" data-elementor-id=\"10997\" class=\"elementor elementor-10997 elementor-9254\" data-elementor-post-type=\"page\">\n\t\t\t\t\t\t<section class=\"elementor-section elementor-top-section elementor-element elementor-element-e81480e elementor-section-boxed elementor-section-height-default elementor-section-height-default\" data-id=\"e81480e\" data-element_type=\"section\" data-e-type=\"section\" data-settings=\"{&quot;background_background&quot;:&quot;classic&quot;}\">\n\t\t\t\t\t\t\t<div class=\"elementor-background-overlay\"><\/div>\n\t\t\t\t\t\t\t<div class=\"elementor-container elementor-column-gap-extended\">\n\t\t\t\t\t<div class=\"elementor-column elementor-col-100 elementor-top-column elementor-element elementor-element-1c9c784\" data-id=\"1c9c784\" data-element_type=\"column\" data-e-type=\"column\">\n\t\t\t<div class=\"elementor-widget-wrap elementor-element-populated\">\n\t\t\t\t\t\t<div class=\"elementor-element elementor-element-dced3e5 elementor-widget elementor-widget-heading\" data-id=\"dced3e5\" data-element_type=\"widget\" data-e-type=\"widget\" data-widget_type=\"heading.default\">\n\t\t\t\t\t<h1 class=\"elementor-heading-title elementor-size-default\">Centros y hospitales de quemados en Arizona para el tratamiento de lesiones por quemaduras<\/h1>\t\t\t\t<\/div>\n\t\t\t\t\t<\/div>\n\t\t<\/div>\n\t\t\t\t\t<\/div>\n\t\t<\/section>\n\t\t<div class=\"elementor-element elementor-element-628c49a e-flex e-con-boxed e-con e-parent\" data-id=\"628c49a\" data-element_type=\"container\" data-e-type=\"container\">\n\t\t\t\t\t<div class=\"e-con-inner\">\n\t\t<div class=\"elementor-element elementor-element-f1b72c5 e-con-full e-flex e-con e-child\" data-id=\"f1b72c5\" data-element_type=\"container\" data-e-type=\"container\">\n\t\t\t\t<div class=\"elementor-element elementor-element-30dfae8 elementor-widget elementor-widget-heading\" data-id=\"30dfae8\" data-element_type=\"widget\" data-e-type=\"widget\" data-widget_type=\"heading.default\">\n\t\t\t\t\t<h1 class=\"elementor-heading-title elementor-size-default\">La atenci\u00f3n m\u00e9dica experta salva vidas \u2014 y casos<\/h1>\t\t\t\t<\/div>\n\t\t\t\t<div class=\"elementor-element elementor-element-2871f2a elementor-widget elementor-widget-text-editor\" data-id=\"2871f2a\" data-element_type=\"widget\" data-e-type=\"widget\" data-widget_type=\"text-editor.default\">\n\t\t\t\t\t\t\t\t\t<p><span style=\"font-weight: 400\">&nbsp;Las v\u00edctimas de quemaduras requieren atenci\u00f3n inmediata y altamente especializada. Arizona cuenta con varios centros de quemados de primer nivel que brindan tratamiento que salva vidas, injertos de piel, rehabilitaci\u00f3n y servicios de recuperaci\u00f3n a largo plazo.<\/span><\/p><p><span style=\"font-weight: 400\">En AZ Burn Lawyers, trabajamos estrechamente con estos proveedores m\u00e9dicos \u2014 y entendemos lo fundamental que es su equipo de atenci\u00f3n tanto para la recuperaci\u00f3n como para construir un caso legal s\u00f3lido.<\/span><\/p>\t\t\t\t\t\t\t\t<\/div>\n\t\t\t\t<\/div>\n\t\t\t\t\t<\/div>\n\t\t\t\t<\/div>\n\t\t\t\t<section class=\"elementor-section elementor-top-section elementor-element elementor-element-698a1607 elementor-section-boxed elementor-section-height-default elementor-section-height-default\" data-id=\"698a1607\" data-element_type=\"section\" data-e-type=\"section\">\n\t\t\t\t\t\t<div class=\"elementor-container elementor-column-gap-extended\">\n\t\t\t\t\t<div class=\"elementor-column elementor-col-100 elementor-top-column elementor-element elementor-element-4dd530f7\" data-id=\"4dd530f7\" data-element_type=\"column\" data-e-type=\"column\">\n\t\t\t<div class=\"elementor-widget-wrap elementor-element-populated\">\n\t\t\t\t\t\t<section class=\"elementor-section elementor-inner-section elementor-element elementor-element-46c2fe01 elementor-section-boxed elementor-section-height-default elementor-section-height-default\" data-id=\"46c2fe01\" data-element_type=\"section\" data-e-type=\"section\">\n\t\t\t\t\t\t<div class=\"elementor-container elementor-column-gap-custom\">\n\t\t\t\t\t<div class=\"elementor-column elementor-col-33 elementor-inner-column elementor-element elementor-element-43cf7724\" data-id=\"43cf7724\" data-element_type=\"column\" data-e-type=\"column\">\n\t\t\t<div class=\"elementor-widget-wrap elementor-element-populated\">\n\t\t\t\t\t\t<div class=\"elementor-element elementor-element-636e351d elementor-widget elementor-widget-heading\" data-id=\"636e351d\" data-element_type=\"widget\" data-e-type=\"widget\" data-widget_type=\"heading.default\">\n\t\t\t\t\t<h2 class=\"elementor-heading-title elementor-size-default\">Valleywise Health \u2013 Centro de Quemados de Arizona (Phoenix)<\/h2>\t\t\t\t<\/div>\n\t\t\t\t<div class=\"elementor-element elementor-element-2911697c elementor-widget elementor-widget-text-editor\" data-id=\"2911697c\" data-element_type=\"widget\" data-e-type=\"widget\" data-widget_type=\"text-editor.default\">\n\t\t\t\t\t\t\t\t\t<ul><li style=\"font-weight: 400\" aria-level=\"1\"><b>Direcci\u00f3n:<\/b><span style=\"font-weight: 400\"> 2601 E Roosevelt St, Phoenix, AZ 85008<\/span><\/li><li style=\"font-weight: 400\" aria-level=\"1\"><b>Descripci\u00f3n general:<\/b><span style=\"font-weight: 400\"> El Centro de Quemados de Arizona en Valleywise es uno de los m\u00e1s grandes y avanzados del pa\u00eds. Atiende a m\u00e1s de 1,000 pacientes con quemaduras agudas al a\u00f1o y es el \u00fanico centro de quemados verificado para adultos y ni\u00f1os en Arizona.<\/span><p><b style=\"font-family: -apple-system, BlinkMacSystemFont, 'Segoe UI', Roboto, 'Helvetica Neue', Arial, 'Noto Sans', sans-serif, 'Apple Color Emoji', 'Segoe UI Emoji', 'Segoe UI Symbol', 'Noto Color Emoji'\">Sitio web:<\/b><a href=\"https:\/\/valleywisehealth.org\/burn\/\"><span style=\"font-weight: 400\"> valleywisehealth.org<\/span><\/a><\/p><\/li><\/ul>\t\t\t\t\t\t\t\t<\/div>\n\t\t\t\t\t<\/div>\n\t\t<\/div>\n\t\t\t\t<div class=\"elementor-column elementor-col-33 elementor-inner-column elementor-element elementor-element-24cda7f4\" data-id=\"24cda7f4\" data-element_type=\"column\" data-e-type=\"column\">\n\t\t\t<div class=\"elementor-widget-wrap elementor-element-populated\">\n\t\t\t\t\t\t<div class=\"elementor-element elementor-element-7195976d elementor-widget elementor-widget-heading\" data-id=\"7195976d\" data-element_type=\"widget\" data-e-type=\"widget\" data-widget_type=\"heading.default\">\n\t\t\t\t\t<h2 class=\"elementor-heading-title elementor-size-default\">Banner \u2013 University Medical Center Tucson<\/h2>\t\t\t\t<\/div>\n\t\t\t\t<div class=\"elementor-element elementor-element-36035700 elementor-widget elementor-widget-text-editor\" data-id=\"36035700\" data-element_type=\"widget\" data-e-type=\"widget\" data-widget_type=\"text-editor.default\">\n\t\t\t\t\t\t\t\t\t<ul><li style=\"font-weight: 400\" aria-level=\"1\"><b>Direcci\u00f3n:<\/b><span style=\"font-weight: 400\"> 1501 N Campbell Ave, Tucson, AZ 85724<\/span><span style=\"font-weight: 400\"><br><b style=\"font-family: -apple-system, BlinkMacSystemFont, 'Segoe UI', Roboto, 'Helvetica Neue', Arial, 'Noto Sans', sans-serif, 'Apple Color Emoji', 'Segoe UI Emoji', 'Segoe UI Symbol', 'Noto Color Emoji'\"><\/b><\/span><\/li><li style=\"font-weight: 400\" aria-level=\"1\"><span style=\"font-weight: 400\"><b style=\"font-family: -apple-system, BlinkMacSystemFont, 'Segoe UI', Roboto, 'Helvetica Neue', Arial, 'Noto Sans', sans-serif, 'Apple Color Emoji', 'Segoe UI Emoji', 'Segoe UI Symbol', 'Noto Color Emoji'\">Descripci\u00f3n general:<\/b><span style=\"font-weight: 400\"> Banner UMC ofrece atenci\u00f3n especializada para quemaduras, incluyendo cirug\u00eda reconstructiva y apoyo de rehabilitaci\u00f3n a largo plazo. Atiende al sur de Arizona y partes de Nuevo M\u00e9xico.<br><b style=\"font-family: -apple-system, BlinkMacSystemFont, 'Segoe UI', Roboto, 'Helvetica Neue', Arial, 'Noto Sans', sans-serif, 'Apple Color Emoji', 'Segoe UI Emoji', 'Segoe UI Symbol', 'Noto Color Emoji'\">Sitio web:<\/b> <a href=\"https:\/\/www.bannerhealth.com\/locations\/tucson\/banner-university-medical-center-tucson\">bannerhealth.com<\/a><br><\/span><\/span><\/li><\/ul>\t\t\t\t\t\t\t\t<\/div>\n\t\t\t\t\t<\/div>\n\t\t<\/div>\n\t\t\t\t<div class=\"elementor-column elementor-col-33 elementor-inner-column elementor-element elementor-element-a511f98\" data-id=\"a511f98\" data-element_type=\"column\" data-e-type=\"column\">\n\t\t\t<div class=\"elementor-widget-wrap elementor-element-populated\">\n\t\t\t\t\t\t\t<\/div>\n\t\t<\/div>\n\t\t\t\t\t<\/div>\n\t\t<\/section>\n\t\t\t\t\t<\/div>\n\t\t<\/div>\n\t\t\t\t\t<\/div>\n\t\t<\/section>\n\t\t<div class=\"elementor-element elementor-element-5744c961 e-flex e-con-boxed e-con e-parent\" data-id=\"5744c961\" data-element_type=\"container\" data-e-type=\"container\" data-settings=\"{&quot;background_background&quot;:&quot;classic&quot;}\">\n\t\t\t\t\t<div class=\"e-con-inner\">\n\t\t\t\t<div class=\"elementor-element elementor-element-1ded4ef7 e-n-tabs-mobile elementor-widget elementor-widget-n-tabs\" data-id=\"1ded4ef7\" data-element_type=\"widget\" data-e-type=\"widget\" data-widget_type=\"nested-tabs.default\">\n\t\t\t\t\t\t\t<div class=\"e-n-tabs\" data-widget-number=\"502091511\" aria-label=\"Pesta\u00f1as. Abre elementos con Intro o Espacio, ci\u00e9rralos con Escape y navega con las fechas.\">\n\t\t\t<div class=\"e-n-tabs-heading\" role=\"tablist\">\n\t\t\t\t\t<button id=\"e-n-tab-title-5020915111\" data-tab-title-id=\"e-n-tab-title-5020915111\" class=\"e-n-tab-title\" aria-selected=\"true\" data-tab-index=\"1\" role=\"tab\" tabindex=\"0\" aria-controls=\"e-n-tab-content-5020915111\" style=\"--n-tabs-title-order: 1;\">\n\t\t\t\t\t\t<span class=\"e-n-tab-title-text\">\n\t\t\t\tSupport Beyond the Hospital\t\t\t<\/span>\n\t\t<\/button>\n\t\t\t\t<button id=\"e-n-tab-title-5020915112\" data-tab-title-id=\"e-n-tab-title-5020915112\" class=\"e-n-tab-title\" aria-selected=\"false\" data-tab-index=\"2\" role=\"tab\" tabindex=\"-1\" aria-controls=\"e-n-tab-content-5020915112\" style=\"--n-tabs-title-order: 2;\">\n\t\t\t\t\t\t<span class=\"e-n-tab-title-text\">\n\t\t\t\tLegal Support for Burn Victims in Arizona\t\t\t<\/span>\n\t\t<\/button>\n\t\t\t\t\t<\/div>\n\t\t\t<div class=\"e-n-tabs-content\">\n\t\t\t\t<div id=\"e-n-tab-content-5020915111\" role=\"tabpanel\" aria-labelledby=\"e-n-tab-title-5020915111\" data-tab-index=\"1\" style=\"--n-tabs-title-order: 1;\" class=\"e-active elementor-element elementor-element-379bec77 e-con-full e-flex elementor-invisible e-con e-child\" data-id=\"379bec77\" data-element_type=\"container\" data-e-type=\"container\" data-settings=\"{&quot;background_background&quot;:&quot;classic&quot;,&quot;animation&quot;:&quot;fadeInRight&quot;}\">\n\t\t\t\t<div class=\"elementor-element elementor-element-60e888b1 elementor-widget elementor-widget-text-editor\" data-id=\"60e888b1\" data-element_type=\"widget\" data-e-type=\"widget\" data-widget_type=\"text-editor.default\">\n\t\t\t\t\t\t\t\t\t<p><span style=\"font-weight: 400\">Recuperarse de una quemadura es m\u00e1s que algo f\u00edsico \u2014 tambi\u00e9n es emocional, psicol\u00f3gico y financiero. AZ Burn Lawyers colabora con sobrevivientes, familias y la comunidad de atenci\u00f3n de quemaduras en Arizona para asegurar que ninguna v\u00edctima est\u00e9 sola en su proceso.<\/span><\/p>\t\t\t\t\t\t\t\t<\/div>\n\t\t\t\t<\/div>\n\t\t<div id=\"e-n-tab-content-5020915112\" role=\"tabpanel\" aria-labelledby=\"e-n-tab-title-5020915112\" data-tab-index=\"2\" style=\"--n-tabs-title-order: 2;\" class=\" elementor-element elementor-element-4471a8ee e-con-full e-flex elementor-invisible e-con e-child\" data-id=\"4471a8ee\" data-element_type=\"container\" data-e-type=\"container\" data-settings=\"{&quot;background_background&quot;:&quot;classic&quot;,&quot;animation&quot;:&quot;fadeInRight&quot;}\">\n\t\t\t\t<div class=\"elementor-element elementor-element-2b722b50 elementor-widget elementor-widget-text-editor\" data-id=\"2b722b50\" data-element_type=\"widget\" data-e-type=\"widget\" data-widget_type=\"text-editor.default\">\n\t\t\t\t\t\t\t\t\t<p><span style=\"font-weight: 400\">Ya sea que haya resultado lesionado en su hogar, en el trabajo o en un lugar p\u00fablico, nuestro equipo legal puede investigar, identificar a las partes responsables y buscar la compensaci\u00f3n que necesita para acceder a atenci\u00f3n de primer nivel \u2014 sin preocuparse por el costo.<\/span><\/p><p><span style=\"font-weight: 400\">Conc\u00e9ntrese en su recuperaci\u00f3n. Nosotros nos encargamos del resto.<\/span><\/p>\t\t\t\t\t\t\t\t<\/div>\n\t\t\t\t<\/div>\n\t\t\t\t\t<\/div>\n\t\t<\/div>\n\t\t\t\t\t\t<\/div>\n\t\t\t\t\t<\/div>\n\t\t\t\t<\/div>\n\t\t\t\t<\/div>\n\t\t","protected":false},"excerpt":{"rendered":"<p>Arizona Burn Centers &amp; Hospitals for Burn Injury Treatment Expert Medical Care Saves Lives \u2014 and Cases \u00a0Burn victims require immediate and highly specialized care. Arizona is home to several leading burn centers that provide life-saving treatment, skin grafting, rehabilitation, and long-term recovery services. At AZ Burn Lawyers, we work closely with these medical providers [&hellip;]<\/p>\n","protected":false},"author":20,"featured_media":0,"parent":0,"menu_order":0,"comment_status":"closed","ping_status":"closed","template":"","meta":{"footnotes":""},"class_list":["post-10997","page","type-page","status-publish","hentry"],"_links":{"self":[{"href":"https:\/\/azburnlawyers.com\/es\/wp-json\/wp\/v2\/pages\/10997","targetHints":{"allow":["GET"]}}],"collection":[{"href":"https:\/\/azburnlawyers.com\/es\/wp-json\/wp\/v2\/pages"}],"about":[{"href":"https:\/\/azburnlawyers.com\/es\/wp-json\/wp\/v2\/types\/page"}],"author":[{"embeddable":true,"href":"https:\/\/azburnlawyers.com\/es\/wp-json\/wp\/v2\/users\/20"}],"replies":[{"embeddable":true,"href":"https:\/\/azburnlawyers.com\/es\/wp-json\/wp\/v2\/comments?post=10997"}],"version-history":[{"count":1,"href":"https:\/\/azburnlawyers.com\/es\/wp-json\/wp\/v2\/pages\/10997\/revisions"}],"predecessor-version":[{"id":11328,"href":"https:\/\/azburnlawyers.com\/es\/wp-json\/wp\/v2\/pages\/10997\/revisions\/11328"}],"wp:attachment":[{"href":"https:\/\/azburnlawyers.com\/es\/wp-json\/wp\/v2\/media?parent=10997"}],"curies":[{"name":"wp","href":"https:\/\/api.w.org\/{rel}","templated":true}]}}