{"id":11029,"date":"2025-08-01T02:55:58","date_gmt":"2025-08-01T02:55:58","guid":{"rendered":"https:\/\/azburnlawyers.com\/?page_id=9255"},"modified":"2026-04-27T13:22:03","modified_gmt":"2026-04-27T13:22:03","slug":"reclamaciones-por-muerte-por-negligencia-por-lesiones-por-quemaduras","status":"publish","type":"page","link":"https:\/\/azburnlawyers.com\/es\/reclamaciones-por-muerte-por-negligencia-por-lesiones-por-quemaduras\/","title":{"rendered":"Reclamaciones por muerte por negligencia por lesiones por quemaduras"},"content":{"rendered":"\t\t<div data-elementor-type=\"wp-page\" data-elementor-id=\"11029\" class=\"elementor elementor-11029 elementor-9255\" data-elementor-post-type=\"page\">\n\t\t\t\t\t\t<section class=\"elementor-section elementor-top-section elementor-element elementor-element-e81480e elementor-section-boxed elementor-section-height-default elementor-section-height-default\" data-id=\"e81480e\" data-element_type=\"section\" data-e-type=\"section\" data-settings=\"{&quot;background_background&quot;:&quot;classic&quot;}\">\n\t\t\t\t\t\t\t<div class=\"elementor-background-overlay\"><\/div>\n\t\t\t\t\t\t\t<div class=\"elementor-container elementor-column-gap-extended\">\n\t\t\t\t\t<div class=\"elementor-column elementor-col-100 elementor-top-column elementor-element elementor-element-1c9c784\" data-id=\"1c9c784\" data-element_type=\"column\" data-e-type=\"column\">\n\t\t\t<div class=\"elementor-widget-wrap elementor-element-populated\">\n\t\t\t\t\t\t<div class=\"elementor-element elementor-element-dced3e5 elementor-widget elementor-widget-heading\" data-id=\"dced3e5\" data-element_type=\"widget\" data-e-type=\"widget\" data-widget_type=\"heading.default\">\n\t\t\t\t\t<h1 class=\"elementor-heading-title elementor-size-default\">Reclamaciones por muerte por negligencia tras una lesi\u00f3n por quemadura en Arizona<\/h1>\t\t\t\t<\/div>\n\t\t\t\t\t<\/div>\n\t\t<\/div>\n\t\t\t\t\t<\/div>\n\t\t<\/section>\n\t\t<div class=\"elementor-element elementor-element-628c49a e-flex e-con-boxed e-con e-parent\" data-id=\"628c49a\" data-element_type=\"container\" data-e-type=\"container\">\n\t\t\t\t\t<div class=\"e-con-inner\">\n\t\t<div class=\"elementor-element elementor-element-f1b72c5 e-con-full e-flex e-con e-child\" data-id=\"f1b72c5\" data-element_type=\"container\" data-e-type=\"container\">\n\t\t\t\t<div class=\"elementor-element elementor-element-30dfae8 elementor-widget elementor-widget-heading\" data-id=\"30dfae8\" data-element_type=\"widget\" data-e-type=\"widget\" data-widget_type=\"heading.default\">\n\t\t\t\t\t<h1 class=\"elementor-heading-title elementor-size-default\">Cuando las lesiones por quemaduras llevan a la tragedia<\/h1>\t\t\t\t<\/div>\n\t\t\t\t<div class=\"elementor-element elementor-element-2871f2a elementor-widget elementor-widget-text-editor\" data-id=\"2871f2a\" data-element_type=\"widget\" data-e-type=\"widget\" data-widget_type=\"text-editor.default\">\n\t\t\t\t\t\t\t\t\t<p><span style=\"font-weight: 400\">Algunas lesiones por quemaduras son tan graves que se vuelven fatales \u2014 ya sea de inmediato o despu\u00e9s de dolorosas semanas en cuidados intensivos. En Arizona, las familias de las v\u00edctimas de quemaduras tienen el derecho legal de presentar una <\/span><b>reclamaci\u00f3n por muerte por negligencia<\/b><span style=\"font-weight: 400\"> cuando las lesiones fueron causadas por la negligencia de otra persona.<\/span><\/p><p><span style=\"font-weight: 400\">En AZ Burn Lawyers, estamos al lado de las familias en duelo y les ayudamos a buscar justicia, cierre y estabilidad financiera despu\u00e9s de lo impensable.<\/span><\/p>\t\t\t\t\t\t\t\t<\/div>\n\t\t\t\t<\/div>\n\t\t\t\t\t<\/div>\n\t\t\t\t<\/div>\n\t\t\t\t<section class=\"elementor-section elementor-top-section elementor-element elementor-element-19f7735b elementor-section-boxed elementor-section-height-default elementor-section-height-default\" data-id=\"19f7735b\" data-element_type=\"section\" data-e-type=\"section\">\n\t\t\t\t\t\t<div class=\"elementor-container elementor-column-gap-extended\">\n\t\t\t\t\t<div class=\"elementor-column elementor-col-100 elementor-top-column elementor-element elementor-element-78f37437\" data-id=\"78f37437\" data-element_type=\"column\" data-e-type=\"column\">\n\t\t\t<div class=\"elementor-widget-wrap elementor-element-populated\">\n\t\t\t\t\t\t<section class=\"elementor-section elementor-inner-section elementor-element elementor-element-382559d9 elementor-section-boxed elementor-section-height-default elementor-section-height-default\" data-id=\"382559d9\" data-element_type=\"section\" data-e-type=\"section\">\n\t\t\t\t\t\t<div class=\"elementor-container elementor-column-gap-custom\">\n\t\t\t\t\t<div class=\"elementor-column elementor-col-50 elementor-inner-column elementor-element elementor-element-5ad106c4\" data-id=\"5ad106c4\" data-element_type=\"column\" data-e-type=\"column\">\n\t\t\t<div class=\"elementor-widget-wrap elementor-element-populated\">\n\t\t\t\t\t\t<div class=\"elementor-element elementor-element-67376406 elementor-widget elementor-widget-heading\" data-id=\"67376406\" data-element_type=\"widget\" data-e-type=\"widget\" data-widget_type=\"heading.default\">\n\t\t\t\t\t<h2 class=\"elementor-heading-title elementor-size-default\">\u00bfQui\u00e9n puede presentar una reclamaci\u00f3n por muerte por negligencia relacionada con quemaduras?<\/h2>\t\t\t\t<\/div>\n\t\t\t\t<div class=\"elementor-element elementor-element-2a6fea13 elementor-widget elementor-widget-text-editor\" data-id=\"2a6fea13\" data-element_type=\"widget\" data-e-type=\"widget\" data-widget_type=\"text-editor.default\">\n\t\t\t\t\t\t\t\t\t<p><span style=\"font-weight: 400\">Seg\u00fan la ley de Arizona (A.R.S. \u00a7 12-612), las siguientes partes pueden presentar una demanda por muerte por negligencia<\/span><\/p>\t\t\t\t\t\t\t\t<\/div>\n\t\t\t\t<div class=\"elementor-element elementor-element-278dee95 elementor-widget elementor-widget-text-editor\" data-id=\"278dee95\" data-element_type=\"widget\" data-e-type=\"widget\" data-widget_type=\"text-editor.default\">\n\t\t\t\t\t\t\t\t\t<ul><li style=\"font-weight: 400\" aria-level=\"1\"><span style=\"font-weight: 400\">El\/la <\/span><b>c\u00f3nyuge<\/b><b><br><\/b><\/li><li style=\"font-weight: 400\" aria-level=\"1\"><b>Hijos<\/b><span style=\"font-weight: 400\"> del fallecido<\/span><span style=\"font-weight: 400\"><br><\/span><\/li><li style=\"font-weight: 400\" aria-level=\"1\"><span style=\"font-weight: 400\">Los <\/span><b>padres<\/b><\/li><li style=\"font-weight: 400\" aria-level=\"1\"><b>Un representante personal del patrimonio (en algunos casos)<\/b><\/li><\/ul>\t\t\t\t\t\t\t\t<\/div>\n\t\t\t\t<div class=\"elementor-element elementor-element-188f7216 elementor-widget elementor-widget-text-editor\" data-id=\"188f7216\" data-element_type=\"widget\" data-e-type=\"widget\" data-widget_type=\"text-editor.default\">\n\t\t\t\t\t\t\t\t\t<p><span style=\"font-weight: 400\">Si un tercero \u2014 como un arrendador, fabricante de productos, empleador o conductor negligente \u2014 caus\u00f3 o contribuy\u00f3 a la lesi\u00f3n por quemadura fatal, la reclamaci\u00f3n puede ser v\u00e1lida.<\/span><\/p>\t\t\t\t\t\t\t\t<\/div>\n\t\t\t\t\t<\/div>\n\t\t<\/div>\n\t\t\t\t<div class=\"elementor-column elementor-col-50 elementor-inner-column elementor-element elementor-element-6609fe49\" data-id=\"6609fe49\" data-element_type=\"column\" data-e-type=\"column\">\n\t\t\t<div class=\"elementor-widget-wrap elementor-element-populated\">\n\t\t\t\t\t\t<div class=\"elementor-element elementor-element-7c4c7ef6 elementor-widget elementor-widget-heading\" data-id=\"7c4c7ef6\" data-element_type=\"widget\" data-e-type=\"widget\" data-widget_type=\"heading.default\">\n\t\t\t\t\t<h2 class=\"elementor-heading-title elementor-size-default\">\u00bfQu\u00e9 da\u00f1os pueden recuperarse?<\/h2>\t\t\t\t<\/div>\n\t\t\t\t<div class=\"elementor-element elementor-element-46cc157 elementor-widget elementor-widget-text-editor\" data-id=\"46cc157\" data-element_type=\"widget\" data-e-type=\"widget\" data-widget_type=\"text-editor.default\">\n\t\t\t\t\t\t\t\t\t<p><span style=\"font-weight: 400\">Una reclamaci\u00f3n por muerte por negligencia no solo trata de responsabilizar a la parte culpable \u2014 tambi\u00e9n se trata de ayudar a los familiares sobrevivientes a reconstruir sus vidas. La compensaci\u00f3n puede incluir<\/span><\/p>\t\t\t\t\t\t\t\t<\/div>\n\t\t\t\t<div class=\"elementor-element elementor-element-d7a4862 elementor-widget elementor-widget-text-editor\" data-id=\"d7a4862\" data-element_type=\"widget\" data-e-type=\"widget\" data-widget_type=\"text-editor.default\">\n\t\t\t\t\t\t\t\t\t<ul><li style=\"font-weight: 400\" aria-level=\"1\"><span style=\"font-weight: 400\">Costos de funeral y entierro<\/span><\/li><li style=\"font-weight: 400\" aria-level=\"1\"><span style=\"font-weight: 400\">Facturas m\u00e9dicas relacionadas con la lesi\u00f3n<\/span><\/li><li style=\"font-weight: 400\" aria-level=\"1\"><span style=\"font-weight: 400\">P\u00e9rdida de apoyo financiero e ingresos<\/span><\/li><li style=\"font-weight: 400\" aria-level=\"1\"><span style=\"font-weight: 400\">P\u00e9rdida de compa\u00f1\u00eda y orientaci\u00f3n<\/span><\/li><li style=\"font-weight: 400\" aria-level=\"1\"><span style=\"font-weight: 400\">Dolor y sufrimiento emocional<\/span><\/li><\/ul>\t\t\t\t\t\t\t\t<\/div>\n\t\t\t\t\t<\/div>\n\t\t<\/div>\n\t\t\t\t\t<\/div>\n\t\t<\/section>\n\t\t\t\t\t<\/div>\n\t\t<\/div>\n\t\t\t\t\t<\/div>\n\t\t<\/section>\n\t\t<div class=\"elementor-element elementor-element-5744c961 e-flex e-con-boxed e-con e-parent\" data-id=\"5744c961\" data-element_type=\"container\" data-e-type=\"container\" data-settings=\"{&quot;background_background&quot;:&quot;classic&quot;}\">\n\t\t\t\t\t<div class=\"e-con-inner\">\n\t\t\t\t<div class=\"elementor-element elementor-element-1ded4ef7 e-n-tabs-mobile elementor-widget elementor-widget-n-tabs\" data-id=\"1ded4ef7\" data-element_type=\"widget\" data-e-type=\"widget\" data-widget_type=\"nested-tabs.default\">\n\t\t\t\t\t\t\t<div class=\"e-n-tabs\" data-widget-number=\"502091511\" aria-label=\"Pesta\u00f1as. Abre elementos con Intro o Espacio, ci\u00e9rralos con Escape y navega con las fechas.\">\n\t\t\t<div class=\"e-n-tabs-heading\" role=\"tablist\">\n\t\t\t\t\t<button id=\"e-n-tab-title-5020915111\" data-tab-title-id=\"e-n-tab-title-5020915111\" class=\"e-n-tab-title\" aria-selected=\"true\" data-tab-index=\"1\" role=\"tab\" tabindex=\"0\" aria-controls=\"e-n-tab-content-5020915111\" style=\"--n-tabs-title-order: 1;\">\n\t\t\t\t\t\t<span class=\"e-n-tab-title-text\">\n\t\t\t\tWe Understand What You're Going Through\t\t\t<\/span>\n\t\t<\/button>\n\t\t\t\t<button id=\"e-n-tab-title-5020915112\" data-tab-title-id=\"e-n-tab-title-5020915112\" class=\"e-n-tab-title\" aria-selected=\"false\" data-tab-index=\"2\" role=\"tab\" tabindex=\"-1\" aria-controls=\"e-n-tab-content-5020915112\" style=\"--n-tabs-title-order: 2;\">\n\t\t\t\t\t\t<span class=\"e-n-tab-title-text\">\n\t\t\t\tStart the Healing with a Free Legal Consultation\t\t\t<\/span>\n\t\t<\/button>\n\t\t\t\t\t<\/div>\n\t\t\t<div class=\"e-n-tabs-content\">\n\t\t\t\t<div id=\"e-n-tab-content-5020915111\" role=\"tabpanel\" aria-labelledby=\"e-n-tab-title-5020915111\" data-tab-index=\"1\" style=\"--n-tabs-title-order: 1;\" class=\"e-active elementor-element elementor-element-379bec77 e-con-full e-flex elementor-invisible e-con e-child\" data-id=\"379bec77\" data-element_type=\"container\" data-e-type=\"container\" data-settings=\"{&quot;background_background&quot;:&quot;classic&quot;,&quot;animation&quot;:&quot;fadeInRight&quot;}\">\n\t\t\t\t<div class=\"elementor-element elementor-element-60e888b1 elementor-widget elementor-widget-text-editor\" data-id=\"60e888b1\" data-element_type=\"widget\" data-e-type=\"widget\" data-widget_type=\"text-editor.default\">\n\t\t\t\t\t\t\t\t\t<p><span style=\"font-weight: 400\">El abogado Michael Nysather no solo ha manejado casos de muerte por quemaduras \u2014 su propia familia ha sido afectada personalmente por el trauma de quemaduras. Abordamos cada reclamaci\u00f3n por muerte por negligencia con compasi\u00f3n, respeto y urgencia.<\/span><\/p><p><span style=\"font-weight: 400\">Stephanie Nygard, sobreviviente de quemaduras y enlace de nuestro equipo, tambi\u00e9n brinda apoyo y orientaci\u00f3n a las familias durante los momentos m\u00e1s dif\u00edciles.<\/span><\/p>\t\t\t\t\t\t\t\t<\/div>\n\t\t\t\t<\/div>\n\t\t<div id=\"e-n-tab-content-5020915112\" role=\"tabpanel\" aria-labelledby=\"e-n-tab-title-5020915112\" data-tab-index=\"2\" style=\"--n-tabs-title-order: 2;\" class=\" elementor-element elementor-element-4471a8ee e-con-full e-flex elementor-invisible e-con e-child\" data-id=\"4471a8ee\" data-element_type=\"container\" data-e-type=\"container\" data-settings=\"{&quot;background_background&quot;:&quot;classic&quot;,&quot;animation&quot;:&quot;fadeInRight&quot;}\">\n\t\t\t\t<div class=\"elementor-element elementor-element-2b722b50 elementor-widget elementor-widget-text-editor\" data-id=\"2b722b50\" data-element_type=\"widget\" data-e-type=\"widget\" data-widget_type=\"text-editor.default\">\n\t\t\t\t\t\t\t\t\t<p><span style=\"font-weight: 400\">Sabemos que esto no es solo un caso. Es tu familia, tu futuro y tu lucha por la justicia. Perm\u00edtenos ayudarte a llevar esa carga.<\/span><\/p><p><span style=\"font-weight: 400\">Sin honorarios a menos que ganemos. Atendemos a familias en todo Arizona.<\/span><\/p>\t\t\t\t\t\t\t\t<\/div>\n\t\t\t\t<\/div>\n\t\t\t\t\t<\/div>\n\t\t<\/div>\n\t\t\t\t\t\t<\/div>\n\t\t\t\t\t<\/div>\n\t\t\t\t<\/div>\n\t\t\t\t<\/div>\n\t\t","protected":false},"excerpt":{"rendered":"<p>Wrongful Death Claims After a Burn Injury in Arizona When Burn Injuries Lead to Tragedy Some burn injuries are so severe they become fatal \u2014 either immediately or after painful weeks in intensive care. In Arizona, families of burn victims have the legal right to pursue a wrongful death claim when the injuries were caused [&hellip;]<\/p>\n","protected":false},"author":20,"featured_media":0,"parent":0,"menu_order":0,"comment_status":"closed","ping_status":"closed","template":"","meta":{"footnotes":""},"class_list":["post-11029","page","type-page","status-publish","hentry"],"_links":{"self":[{"href":"https:\/\/azburnlawyers.com\/es\/wp-json\/wp\/v2\/pages\/11029","targetHints":{"allow":["GET"]}}],"collection":[{"href":"https:\/\/azburnlawyers.com\/es\/wp-json\/wp\/v2\/pages"}],"about":[{"href":"https:\/\/azburnlawyers.com\/es\/wp-json\/wp\/v2\/types\/page"}],"author":[{"embeddable":true,"href":"https:\/\/azburnlawyers.com\/es\/wp-json\/wp\/v2\/users\/20"}],"replies":[{"embeddable":true,"href":"https:\/\/azburnlawyers.com\/es\/wp-json\/wp\/v2\/comments?post=11029"}],"version-history":[{"count":1,"href":"https:\/\/azburnlawyers.com\/es\/wp-json\/wp\/v2\/pages\/11029\/revisions"}],"predecessor-version":[{"id":11377,"href":"https:\/\/azburnlawyers.com\/es\/wp-json\/wp\/v2\/pages\/11029\/revisions\/11377"}],"wp:attachment":[{"href":"https:\/\/azburnlawyers.com\/es\/wp-json\/wp\/v2\/media?parent=11029"}],"curies":[{"name":"wp","href":"https:\/\/api.w.org\/{rel}","templated":true}]}}